{"id":6,"date":"2026-03-24T14:26:38","date_gmt":"2026-03-24T14:26:38","guid":{"rendered":"https:\/\/collectif-velo-alsace.fr\/?page_id=6"},"modified":"2026-03-24T16:14:23","modified_gmt":"2026-03-24T16:14:23","slug":"collectif-velo-alsace","status":"publish","type":"page","link":"https:\/\/collectif-velo-alsace.fr\/","title":{"rendered":"Collectif V\u00e9lo Alsace"},"content":{"rendered":"\n<p>Nous sommes un collectif d\u2019associations pour la promotion du v\u00e9lo au quotidien dans les villes d\u2019Alsace.<\/p>\n\n\n\n<ul class=\"wp-block-list\">\n<li>Pourquoi \u00ab\u00a0d\u2019Alsace\u00a0\u00bb ? Parce que c\u2019est la bonne \u00e9chelle, suffisamment grande pour \u00eatre visibles, suffisamment petite pour qu\u2019on puisse organiser des \u00e9v\u00e8nements en commun.<\/li>\n\n\n\n<li>Pourquoi \u00ab\u00a0v\u00e9lo au quotidien\u00a0\u00bb ? Parce qu&rsquo;il s&rsquo;agit du v\u00e9lo qu&rsquo;on pratique pour aller \u00e0 l&rsquo;\u00e9cole, au travail, faire les courses, etc. Ce sont des usages et des besoins diff\u00e9rents de ceux des cyclotouristes.<\/li>\n<\/ul>\n\n\n\n<figure class=\"wp-block-table\"><table class=\"has-fixed-layout\"><tbody><tr><td>V\u00e9lomotion (Saverne)<\/td><td><a href=\"https:\/\/velomotion.blogspot.com\/\">velomotion.blogspot.com<\/a><\/td><\/tr><tr><td>MVPV (Molsheim)<\/td><td><a href=\"http:\/\/www.mvpv.fr\/\">www.mvpv.fr<\/a><\/td><\/tr><tr><td>V\u00e9lobernai (Obernai)<\/td><td><a href=\"http:\/\/www.velobernai.fr\/\">www.velobernai.fr<\/a><\/td><\/tr><tr><td>Trajets (S\u00e9lestat)<\/td><td><a href=\"http:\/\/www.trajets-alsacecentrale.org\/\">www.trajets-alsacecentrale.org<\/a><\/td><\/tr><tr><td>CADRes Colmar et environs<\/td><td><a href=\"https:\/\/www.cadrescolmar.org\/\">www.cadrescolmar.org<\/a><\/td><\/tr><tr><td>Exa D\u00e9pote (Eguisheim)<\/td><td><a href=\"mailto:exadepote@gmail.com\">exadepote@gmail.com<\/a><\/td><\/tr><tr><td>Bicychouette (Guebwiller et environs)<\/td><td><a href=\"mailto:bicychouette@protonmail.com\">bicychouette@protonmail.com<\/a><\/td><\/tr><tr><td>CADRes Thur\/Doller<\/td><td><a href=\"mailto:cadresthur@protonmail.com\">cadresthur@protonmail.com<\/a><\/td><\/tr><tr><td>Roues libres en Doller (Masevaux)<\/td><td><a href=\"mailto:roues.libres@ecomail.fr\">roues.libres@ecomail.fr<\/a><\/td><\/tr><tr><td>SAV Strasbourg \u00e0 V\u00e9lo<\/td><td><a href=\"mailto:contact@strasbourgavelo.eu\">contact@strasbourgavelo.eu<\/a><\/td><\/tr><\/tbody><\/table><\/figure>\n","protected":false},"excerpt":{"rendered":"<p>Nous sommes un collectif d\u2019associations pour la promotion du v\u00e9lo au quotidien dans les villes d\u2019Alsace. V\u00e9lomotion (Saverne) velomotion.blogspot.com MVPV (Molsheim) www.mvpv.fr V\u00e9lobernai (Obernai) www.velobernai.fr Trajets (S\u00e9lestat) www.trajets-alsacecentrale.org CADRes Colmar et environs www.cadrescolmar.org Exa D\u00e9pote (Eguisheim) exadepote@gmail.com Bicychouette (Guebwiller et environs) bicychouette@protonmail.com CADRes Thur\/Doller cadresthur@protonmail.com Roues libres en Doller (Masevaux) roues.libres@ecomail.fr SAV Strasbourg \u00e0 V\u00e9lo [&hellip;]<\/p>\n","protected":false},"author":1,"featured_media":0,"parent":0,"menu_order":0,"comment_status":"closed","ping_status":"closed","template":"","meta":{"footnotes":""},"class_list":["post-6","page","type-page","status-publish","hentry"],"_links":{"self":[{"href":"https:\/\/collectif-velo-alsace.fr\/index.php\/wp-json\/wp\/v2\/pages\/6","targetHints":{"allow":["GET"]}}],"collection":[{"href":"https:\/\/collectif-velo-alsace.fr\/index.php\/wp-json\/wp\/v2\/pages"}],"about":[{"href":"https:\/\/collectif-velo-alsace.fr\/index.php\/wp-json\/wp\/v2\/types\/page"}],"author":[{"embeddable":true,"href":"https:\/\/collectif-velo-alsace.fr\/index.php\/wp-json\/wp\/v2\/users\/1"}],"replies":[{"embeddable":true,"href":"https:\/\/collectif-velo-alsace.fr\/index.php\/wp-json\/wp\/v2\/comments?post=6"}],"version-history":[{"count":4,"href":"https:\/\/collectif-velo-alsace.fr\/index.php\/wp-json\/wp\/v2\/pages\/6\/revisions"}],"predecessor-version":[{"id":12,"href":"https:\/\/collectif-velo-alsace.fr\/index.php\/wp-json\/wp\/v2\/pages\/6\/revisions\/12"}],"wp:attachment":[{"href":"https:\/\/collectif-velo-alsace.fr\/index.php\/wp-json\/wp\/v2\/media?parent=6"}],"curies":[{"name":"wp","href":"https:\/\/api.w.org\/{rel}","templated":true}]}}